{"id":1307,"date":"2026-03-24T17:33:45","date_gmt":"2026-03-24T16:33:45","guid":{"rendered":"https:\/\/vivengo.ch\/?page_id=1307"},"modified":"2026-03-25T09:13:16","modified_gmt":"2026-03-25T08:13:16","slug":"kontaktieren-sie-uns","status":"publish","type":"page","link":"https:\/\/vivengo.ch\/de\/kontaktieren-sie-uns\/","title":{"rendered":"Kontaktieren Sie uns"},"content":{"rendered":"\n<p>Wir w\u00fcrden uns freuen, von Ihnen zu h\u00f6ren! Wenn Sie eine Frage haben, Unterst\u00fctzung ben\u00f6tigen oder mit uns zusammenarbeiten m\u00f6chten, k\u00f6nnen Sie uns \u00fcber die nachstehenden Informationen kontaktieren oder uns eine Nachricht senden. <\/p>\n\n\n\n<p><font dir=\"auto\" style=\"vertical-align: inherit;\"><font dir=\"auto\" style=\"vertical-align: inherit;\">\ud83d\udccd <strong>Unser B\u00fcro<\/strong><\/font><\/font><br><strong>Firmenname :<\/strong> Vivengo SA<br><strong>Adresse :<\/strong> Rue du P\u00e2quis 11a, 1033 Cheseaux-sur-Lausanne<br><br><\/p>\n\n\n\n<p><font dir=\"auto\" style=\"vertical-align: inherit;\"><font dir=\"auto\" style=\"vertical-align: inherit;\">\ud83d\udcde <strong>Kontaktinformationen<\/strong><\/font><\/font><br><strong>Email :<\/strong> <a>info@vivengo.ch<\/a><br><strong>Support :<\/strong> <a>support@vivengo.ch<\/a><br><br><\/p>\n\n\n\n<p><font dir=\"auto\" style=\"vertical-align: inherit;\"><font dir=\"auto\" style=\"vertical-align: inherit;\">\ud83c\udf10 <strong>Folgen Sie uns<\/strong><\/font><\/font><br>Instagram : @<a href=\"https:\/\/www.instagram.com\/vivengo.ch\">Vivengo.ch<\/a><br><br><\/p>\n","protected":false},"excerpt":{"rendered":"<p>Wir w\u00fcrden uns freuen, von Ihnen zu h\u00f6ren! Wenn Sie eine Frage haben, Unterst\u00fctzung ben\u00f6tigen oder mit uns zusammenarbeiten m\u00f6chten, k\u00f6nnen Sie uns \u00fcber die nachstehenden Informationen kontaktieren oder uns eine Nachricht senden. \ud83d\udccd Unser B\u00fcroFirmenname : Vivengo SAAdresse : Rue du P\u00e2quis 11a, 1033 Cheseaux-sur-Lausanne \ud83d\udcde KontaktinformationenEmail : info@vivengo.chSupport : support@vivengo.ch \ud83c\udf10 Folgen Sie [&hellip;]<\/p>\n","protected":false},"author":7,"featured_media":0,"parent":0,"menu_order":0,"comment_status":"closed","ping_status":"closed","template":"","meta":{"_acf_changed":false,"footnotes":""},"class_list":["post-1307","page","type-page","status-publish","hentry"],"acf":[],"yoast_head":"<!-- This site is optimized with the Yoast SEO plugin v27.5 - https:\/\/yoast.com\/product\/yoast-seo-wordpress\/ -->\n<title>Kontaktieren Sie uns | Vivengo<\/title>\n<meta name=\"robots\" content=\"noindex, follow, max-snippet:-1, max-image-preview:large, max-video-preview:-1\" \/>\n<meta property=\"og:locale\" content=\"de_DE\" \/>\n<meta property=\"og:type\" content=\"article\" \/>\n<meta property=\"og:title\" content=\"Kontaktieren Sie uns | Vivengo\" \/>\n<meta property=\"og:description\" content=\"Wir w\u00fcrden uns freuen, von Ihnen zu h\u00f6ren! Wenn Sie eine Frage haben, Unterst\u00fctzung ben\u00f6tigen oder mit uns zusammenarbeiten m\u00f6chten, k\u00f6nnen Sie uns \u00fcber die nachstehenden Informationen kontaktieren oder uns eine Nachricht senden. \ud83d\udccd Unser B\u00fcroFirmenname : Vivengo SAAdresse : Rue du P\u00e2quis 11a, 1033 Cheseaux-sur-Lausanne \ud83d\udcde KontaktinformationenEmail : info@vivengo.chSupport : support@vivengo.ch \ud83c\udf10 Folgen Sie [&hellip;]\" \/>\n<meta property=\"og:url\" content=\"https:\/\/vivengo.ch\/de\/kontaktieren-sie-uns\/\" \/>\n<meta property=\"og:site_name\" content=\"Vivengo\" \/>\n<meta property=\"article:modified_time\" content=\"2026-03-25T08:13:16+00:00\" \/>\n<meta name=\"twitter:card\" content=\"summary_large_image\" \/>\n<script type=\"application\/ld+json\" class=\"yoast-schema-graph\">{\"@context\":\"https:\\\/\\\/schema.org\",\"@graph\":[{\"@type\":\"WebPage\",\"@id\":\"https:\\\/\\\/vivengo.ch\\\/de\\\/kontaktieren-sie-uns\\\/\",\"url\":\"https:\\\/\\\/vivengo.ch\\\/de\\\/kontaktieren-sie-uns\\\/\",\"name\":\"Kontaktieren Sie uns | Vivengo\",\"isPartOf\":{\"@id\":\"https:\\\/\\\/vivengo.ch\\\/de\\\/#website\"},\"datePublished\":\"2026-03-24T16:33:45+00:00\",\"dateModified\":\"2026-03-25T08:13:16+00:00\",\"breadcrumb\":{\"@id\":\"https:\\\/\\\/vivengo.ch\\\/de\\\/kontaktieren-sie-uns\\\/#breadcrumb\"},\"inLanguage\":\"de\",\"potentialAction\":[{\"@type\":\"ReadAction\",\"target\":[\"https:\\\/\\\/vivengo.ch\\\/de\\\/kontaktieren-sie-uns\\\/\"]}]},{\"@type\":\"BreadcrumbList\",\"@id\":\"https:\\\/\\\/vivengo.ch\\\/de\\\/kontaktieren-sie-uns\\\/#breadcrumb\",\"itemListElement\":[{\"@type\":\"ListItem\",\"position\":1,\"name\":\"Accueil\",\"item\":\"https:\\\/\\\/vivengo.ch\\\/de\\\/\"},{\"@type\":\"ListItem\",\"position\":2,\"name\":\"Kontaktieren Sie uns\"}]},{\"@type\":\"WebSite\",\"@id\":\"https:\\\/\\\/vivengo.ch\\\/de\\\/#website\",\"url\":\"https:\\\/\\\/vivengo.ch\\\/de\\\/\",\"name\":\"Vivengo\",\"description\":\"\",\"publisher\":{\"@id\":\"https:\\\/\\\/vivengo.ch\\\/de\\\/#organization\"},\"potentialAction\":[{\"@type\":\"SearchAction\",\"target\":{\"@type\":\"EntryPoint\",\"urlTemplate\":\"https:\\\/\\\/vivengo.ch\\\/de\\\/?s={search_term_string}\"},\"query-input\":{\"@type\":\"PropertyValueSpecification\",\"valueRequired\":true,\"valueName\":\"search_term_string\"}}],\"inLanguage\":\"de\"},{\"@type\":\"Organization\",\"@id\":\"https:\\\/\\\/vivengo.ch\\\/de\\\/#organization\",\"name\":\"Vivengo SA\",\"url\":\"https:\\\/\\\/vivengo.ch\\\/de\\\/\",\"logo\":{\"@type\":\"ImageObject\",\"inLanguage\":\"de\",\"@id\":\"https:\\\/\\\/vivengo.ch\\\/de\\\/#\\\/schema\\\/logo\\\/image\\\/\",\"url\":\"http:\\\/\\\/localhost:8888\\\/perso\\\/vivengo\\\/wp\\\/wp-content\\\/uploads\\\/2025\\\/04\\\/logo..png\",\"contentUrl\":\"http:\\\/\\\/localhost:8888\\\/perso\\\/vivengo\\\/wp\\\/wp-content\\\/uploads\\\/2025\\\/04\\\/logo..png\",\"width\":131,\"height\":56,\"caption\":\"Vivengo SA\"},\"image\":{\"@id\":\"https:\\\/\\\/vivengo.ch\\\/de\\\/#\\\/schema\\\/logo\\\/image\\\/\"}}]}<\/script>\n<!-- \/ Yoast SEO plugin. -->","yoast_head_json":{"title":"Kontaktieren Sie uns | Vivengo","robots":{"index":"noindex","follow":"follow","max-snippet":"max-snippet:-1","max-image-preview":"max-image-preview:large","max-video-preview":"max-video-preview:-1"},"og_locale":"de_DE","og_type":"article","og_title":"Kontaktieren Sie uns | Vivengo","og_description":"Wir w\u00fcrden uns freuen, von Ihnen zu h\u00f6ren! Wenn Sie eine Frage haben, Unterst\u00fctzung ben\u00f6tigen oder mit uns zusammenarbeiten m\u00f6chten, k\u00f6nnen Sie uns \u00fcber die nachstehenden Informationen kontaktieren oder uns eine Nachricht senden. \ud83d\udccd Unser B\u00fcroFirmenname : Vivengo SAAdresse : Rue du P\u00e2quis 11a, 1033 Cheseaux-sur-Lausanne \ud83d\udcde KontaktinformationenEmail : info@vivengo.chSupport : support@vivengo.ch \ud83c\udf10 Folgen Sie [&hellip;]","og_url":"https:\/\/vivengo.ch\/de\/kontaktieren-sie-uns\/","og_site_name":"Vivengo","article_modified_time":"2026-03-25T08:13:16+00:00","twitter_card":"summary_large_image","schema":{"@context":"https:\/\/schema.org","@graph":[{"@type":"WebPage","@id":"https:\/\/vivengo.ch\/de\/kontaktieren-sie-uns\/","url":"https:\/\/vivengo.ch\/de\/kontaktieren-sie-uns\/","name":"Kontaktieren Sie uns | Vivengo","isPartOf":{"@id":"https:\/\/vivengo.ch\/de\/#website"},"datePublished":"2026-03-24T16:33:45+00:00","dateModified":"2026-03-25T08:13:16+00:00","breadcrumb":{"@id":"https:\/\/vivengo.ch\/de\/kontaktieren-sie-uns\/#breadcrumb"},"inLanguage":"de","potentialAction":[{"@type":"ReadAction","target":["https:\/\/vivengo.ch\/de\/kontaktieren-sie-uns\/"]}]},{"@type":"BreadcrumbList","@id":"https:\/\/vivengo.ch\/de\/kontaktieren-sie-uns\/#breadcrumb","itemListElement":[{"@type":"ListItem","position":1,"name":"Accueil","item":"https:\/\/vivengo.ch\/de\/"},{"@type":"ListItem","position":2,"name":"Kontaktieren Sie uns"}]},{"@type":"WebSite","@id":"https:\/\/vivengo.ch\/de\/#website","url":"https:\/\/vivengo.ch\/de\/","name":"Vivengo","description":"","publisher":{"@id":"https:\/\/vivengo.ch\/de\/#organization"},"potentialAction":[{"@type":"SearchAction","target":{"@type":"EntryPoint","urlTemplate":"https:\/\/vivengo.ch\/de\/?s={search_term_string}"},"query-input":{"@type":"PropertyValueSpecification","valueRequired":true,"valueName":"search_term_string"}}],"inLanguage":"de"},{"@type":"Organization","@id":"https:\/\/vivengo.ch\/de\/#organization","name":"Vivengo SA","url":"https:\/\/vivengo.ch\/de\/","logo":{"@type":"ImageObject","inLanguage":"de","@id":"https:\/\/vivengo.ch\/de\/#\/schema\/logo\/image\/","url":"http:\/\/localhost:8888\/perso\/vivengo\/wp\/wp-content\/uploads\/2025\/04\/logo..png","contentUrl":"http:\/\/localhost:8888\/perso\/vivengo\/wp\/wp-content\/uploads\/2025\/04\/logo..png","width":131,"height":56,"caption":"Vivengo SA"},"image":{"@id":"https:\/\/vivengo.ch\/de\/#\/schema\/logo\/image\/"}}]}},"_links":{"self":[{"href":"https:\/\/vivengo.ch\/de\/wp-json\/wp\/v2\/pages\/1307","targetHints":{"allow":["GET"]}}],"collection":[{"href":"https:\/\/vivengo.ch\/de\/wp-json\/wp\/v2\/pages"}],"about":[{"href":"https:\/\/vivengo.ch\/de\/wp-json\/wp\/v2\/types\/page"}],"author":[{"embeddable":true,"href":"https:\/\/vivengo.ch\/de\/wp-json\/wp\/v2\/users\/7"}],"replies":[{"embeddable":true,"href":"https:\/\/vivengo.ch\/de\/wp-json\/wp\/v2\/comments?post=1307"}],"version-history":[{"count":5,"href":"https:\/\/vivengo.ch\/de\/wp-json\/wp\/v2\/pages\/1307\/revisions"}],"predecessor-version":[{"id":1344,"href":"https:\/\/vivengo.ch\/de\/wp-json\/wp\/v2\/pages\/1307\/revisions\/1344"}],"wp:attachment":[{"href":"https:\/\/vivengo.ch\/de\/wp-json\/wp\/v2\/media?parent=1307"}],"curies":[{"name":"wp","href":"https:\/\/api.w.org\/{rel}","templated":true}]}}